{"id":12068,"date":"2025-07-03T08:38:58","date_gmt":"2025-07-03T06:38:58","guid":{"rendered":"https:\/\/www.dermarevolta.com\/?page_id=12068"},"modified":"2026-01-15T14:45:40","modified_gmt":"2026-01-15T13:45:40","slug":"vop","status":"publish","type":"page","link":"https:\/\/www.dermarevolta.com\/de\/vop\/","title":{"rendered":"VOP"},"content":{"rendered":"<div data-elementor-type=\"wp-page\" data-elementor-id=\"12068\" class=\"elementor elementor-12068\">\n\t\t\t\t\t\t<section class=\"elementor-section elementor-top-section elementor-element elementor-element-62916da1 elementor-section-boxed elementor-section-height-default elementor-section-height-default qodef-elementor-content-no\" data-id=\"62916da1\" data-element_type=\"section\" data-e-type=\"section\">\n\t\t\t\t\t\t<div class=\"elementor-container elementor-column-gap-default\">\n\t\t\t\t\t<div class=\"elementor-column elementor-col-100 elementor-top-column elementor-element elementor-element-27769f4\" data-id=\"27769f4\" data-element_type=\"column\" data-e-type=\"column\">\n\t\t\t<div class=\"elementor-widget-wrap elementor-element-populated\">\n\t\t\t\t\t\t<div class=\"elementor-element elementor-element-1ba8c6 elementor-widget elementor-widget-text-editor\" data-id=\"1ba8c6\" data-element_type=\"widget\" data-e-type=\"widget\" data-widget_type=\"text-editor.default\">\n\t\t\t\t<div class=\"elementor-widget-container\">\n\t\t\t\t\t\t\t\t\t\n<p>ALLGEMEINE GESCH\u00c4FTSBEDINGUNGEN<\/p>\n<p>f\u00fcr die Erbringung von Gesundheitsleistungen in einer Gesundheitseinrichtung<\/p>\n<p>ATRIM SK s.r.o., Smaragdov\u00e1 ul. 1, 851 10 Bratislava<\/p>\n<p>ID: 55482261<\/p>\n<ol>\n<li>Einleitende Bestimmungen<\/li>\n<\/ol>\n<p>Diese allgemeinen Gesch\u00e4ftsbedingungen (im Folgenden \"VOP\" genannt) regeln die Rechte und Pflichten zwischen ATRIM SK s.r.o., Smaragdov\u00e1 ul. 1, 851 10 Bratislava, ID-Nr.: 55482261 (nachstehend \"Anbieter\" genannt) und nat\u00fcrlichen Personen - Klienten (nachstehend \"Klient\" genannt), denen der Anbieter Gesundheitsleistungen und damit zusammenh\u00e4ngende Dienstleistungen erbringt.<\/p>\n<p>Der Anbieter betreibt eine private medizinische Einrichtung, die Gesundheitsversorgung in den folgenden Bereichen anbietet:<\/p>\n<p>- Dermatovenerologie (f\u00fcr Erwachsene und Kinder),<\/p>\n<p>- Plastische Chirurgie,<\/p>\n<p>- \u00e4sthetische Dermatologie und<\/p>\n<p>- Kosmetika.<\/p>\n<p>Die medizinische Versorgung erfolgt ambulant und ausschlie\u00dflich gegen direkte Kostenerstattung durch die Patienten. Die Klinik hat keine Vertr\u00e4ge mit Krankenkassen.<\/p>\n<ol start=\"2\">\n<li>Definitionen von Begriffen<\/li>\n<\/ol>\n<p>Gesundheitspflege - Verfahren, Untersuchungen und medizinische Behandlungen, die vom zugelassenen medizinischen Personal des Anbieters durchgef\u00fchrt werden.<\/p>\n<p>Hervorragende Dienstleistungen - Dienstleistungen, die \u00fcber die routinem\u00e4\u00dfige Gesundheitsversorgung hinausgehen, einschlie\u00dflich \u00e4sthetischer Verfahren und Dienstleistungen im Zusammenhang mit dem Kundenkomfort.<\/p>\n<p>Kunde - eine nat\u00fcrliche Person, die die Dienstleistungen des Anbieters auf der Grundlage einer m\u00fcndlichen, schriftlichen oder elektronischen Vereinbarung in Anspruch nimmt.<\/p>\n<p>Vertragsverh\u00e4ltnis - wird durch die Vereinbarung eines Untersuchungstermins durch den Kunden (telefonisch, per E-Mail, online oder pers\u00f6nlich) und die Annahme der vorliegenden VOP begr\u00fcndet.<\/p>\n<p>Verg\u00fctung - der Preis f\u00fcr die erbrachten Leistungen gem\u00e4\u00df der aktuellen Preisliste, die in den R\u00e4umlichkeiten der Klinik oder auf der Website ver\u00f6ffentlicht ist.<\/p>\n<ol start=\"3\">\n<li>Bereitstellung von Gesundheitsleistungen<\/li>\n<\/ol>\n<p>Die Gesundheitsversorgung erfolgt professionell, ethisch und in W\u00fcrde, nach dem aktuellen Stand der medizinischen Erkenntnisse und nur auf der Grundlage der informierten Zustimmung des Patienten.<\/p>\n<p>Vor jedem Eingriff oder jeder Untersuchung wird der Kunde \u00fcber Zweck, Ablauf, m\u00f6gliche Risiken und Alternativen informiert. Der Kunde hat das Recht, frei zu entscheiden, ob er einwilligt.<\/p>\n<p>Der Kunde ist verpflichtet, das medizinische Personal wahrheitsgem\u00e4\u00df \u00fcber seinen Gesundheitszustand zu informieren und die notwendigen Informationen zu geben, die die Behandlung beeinflussen k\u00f6nnen.<\/p>\n<ol start=\"4\">\n<li>Bestell- und Stornierungsbedingungen<\/li>\n<\/ol>\n<p>Sie k\u00f6nnen auf folgende Weise einen Termin f\u00fcr eine Untersuchung vereinbaren:<\/p>\n<p>- per Telefon: +421 917 080 080,<\/p>\n<p>- E-Mail: dermarevolta@dermarevolta.com,<\/p>\n<p>- pers\u00f6nlich in der Klinik,<\/p>\n<p>- \u00fcber das Online-Formular unter www.dermarevolta.com,<\/p>\n<p>- oder \u00fcber die Social-Media-Plattformen Facebook und Instagram von Dermarevolta (\u00fcber Nachrichten oder Kommentare).<\/p>\n<p>Falls der Kunde den vereinbarten Termin nicht wahrnehmen kann, ist er verpflichtet, den Anbieter rechtzeitig zu informieren.<\/p>\n<p>Die Stornierungsbedingungen richten sich nach der aktuellen Preisliste des Anbieters und lauten wie folgt:<\/p>\n<p>Grund der Stornierung H\u00f6he der Stornogeb\u00fchr<\/p>\n<p>Stornierung mehr als 24 Stunden vor dem Termin 0 \u20ac<\/p>\n<p>Stornierung weniger als 24 Stunden vor dem Termin 50 % des Preises der geplanten Leistung<\/p>\n<p>Nicht rechtzeitige Ankunft ohne Stornierung von 100 % des vorgesehenen Leistungspreises<\/p>\n<p>Der Kunde ist verpflichtet, die Stornogeb\u00fchr auf Aufforderung des Anbieters zu zahlen - in bar, per Karte oder per \u00dcberweisung auf das Konto. Der Anbieter hat das Recht, im Falle des Verzugs eine schriftliche Zahlungsaufforderung zu senden.<\/p>\n<ol start=\"5\">\n<li>Zahlungsbedingungen<\/li>\n<\/ol>\n<p>Der Kunde zahlt f\u00fcr alle erbrachten Dienstleistungen in voller H\u00f6he gem\u00e4\u00df der aktuellen Preisliste. Die Zahlung kann in bar, per Kreditkarte oder per Bank\u00fcberweisung auf der Grundlage einer Rechnung erfolgen.<\/p>\n<p>Die Preisliste ist in der Klinik und auf der Website des Anbieters verf\u00fcgbar. Der Anbieter beh\u00e4lt sich das Recht vor, die Preisliste zu \u00e4ndern. Der Anbieter informiert in angemessener Weise \u00fcber die \u00c4nderung.<\/p>\n<ol start=\"6\">\n<li>Bearbeitung der medizinischen Dokumentation<\/li>\n<\/ol>\n<p>Der Leistungserbringer f\u00fchrt \u00fcber die erbrachte Gesundheitsversorgung im Einklang mit dem geltenden Recht medizinische Aufzeichnungen. Der Kunde hat das Recht, die Dokumentation einzusehen, einen Auszug oder eine Kopie anzufordern und gegen unrichtige Daten Einspruch zu erheben.<\/p>\n<p>Medizinische Unterlagen werden nur an befugte Personen und Stellen weitergegeben, wie es das Gesetz vorschreibt.<\/p>\n<ol start=\"7\">\n<li>Beschwerden einreichen<\/li>\n<\/ol>\n<p>Der Kunde hat das Recht, sich zu beschweren, wenn er der Meinung ist, dass die Dienstleistungen nicht korrekt oder professionell erbracht wurden.<\/p>\n<p>Es kann eine Beschwerde eingelegt werden:<\/p>\n<p>- schriftlich am Sitz der Klinik oder<\/p>\n<p>- per E-Mail an: dermarevolta@dermarevolta.com<\/p>\n<p>Die Beschwerden werden innerhalb von 5 Arbeitstagen bearbeitet. Die zust\u00e4ndige Person ist Anna Melnychuk, Direktorin.<\/p>\n<ol start=\"8\">\n<li>Datenschutzbestimmungen<\/li>\n<\/ol>\n<p>Der Anbieter verarbeitet die personenbezogenen Daten der Kunden in \u00dcbereinstimmung mit der Verordnung (EU) 2016\/679 des Europ\u00e4ischen Parlaments und des Rates (GDPR) und dem Gesetz Nr. 18\/2018 Slg. \u00fcber den Schutz personenbezogener Daten.<\/p>\n<p>Ausf\u00fchrliche Informationen \u00fcber die Verarbeitung personenbezogener Daten sind in der Klinik oder auf der Website www.dermarevolta.com erh\u00e4ltlich.<\/p>\n<ol start=\"9\">\n<li>Haftung und Streitbeilegung<\/li>\n<\/ol>\n<p>Der Anbieter haftet nicht f\u00fcr Sch\u00e4den, die durch falsche oder unvollst\u00e4ndige Angaben des Kunden entstehen.<\/p>\n<p>Alle Streitigkeiten zwischen dem Kunden und dem Anbieter werden vorzugsweise einvernehmlich beigelegt. Kommt keine Einigung zustande, so entscheidet das zust\u00e4ndige Gericht in der Slowakischen Republik.<\/p>\n<ol start=\"10\">\n<li>Schlussbestimmungen<\/li>\n<\/ol>\n<p>Diese Allgemeinen Gesch\u00e4ftsbedingungen treten am Tag ihrer Ver\u00f6ffentlichung auf der Website des Anbieters in Kraft. Der Anbieter ist berechtigt, sie einseitig zu \u00e4ndern.<\/p>\n<p>Es wird davon ausgegangen, dass der Kunde diese Bedingungen kennt und ihnen zustimmt, sobald er einen Termin f\u00fcr eine Untersuchung vereinbart oder die Dienstleistungen des Anbieters in Anspruch nimmt.<\/p>\n<p>Diese Bedingungen gelten auch nach der Beendigung des Vertragsverh\u00e4ltnisses f\u00fcr die Begleichung etwaiger Verbindlichkeiten.<\/p>\n\t\t\t\t\t\t\t\t<\/div>\n\t\t\t\t<\/div>\n\t\t\t\t\t<\/div>\n\t\t<\/div>\n\t\t\t\t\t<\/div>\n\t\t<\/section>\n\t\t\t\t<\/div>","protected":false},"excerpt":{"rendered":"<p>V\u0160EOBECN\u00c9 OBCHODN\u00c9 PODMIENKY pre poskytovanie zdravotnej starostlivosti v zdravotn\u00edckom zariaden\u00ed ATRIM SK s.r.o., Smaragdov\u00e1 ul. 1, 851 10 Bratislava I\u010cO: 55482261 \u00davodn\u00e9 ustanovenia Tieto v\u0161eobecn\u00e9 obchodn\u00e9 podmienky (\u010falej len \u201eVOP\u201c) upravuj\u00fa pr\u00e1va a povinnosti medzi spolo\u010dnos\u0165ou ATRIM SK s.r.o., Smaragdov\u00e1 ul. 1, 851 10 Bratislava, I\u010cO: 55482261 (\u010falej len \u201ePoskytovate\u013e\u201c) a fyzick\u00fdmi osobami \u2013 klientmi [&hellip;]<\/p>\n","protected":false},"author":9,"featured_media":0,"parent":0,"menu_order":0,"comment_status":"closed","ping_status":"closed","template":"","meta":{"_acf_changed":false,"inline_featured_image":false,"footnotes":""},"class_list":["post-12068","page","type-page","status-publish","hentry"],"acf":[],"yoast_head":"<!-- This site is optimized with the Yoast SEO plugin v27.4 - https:\/\/yoast.com\/product\/yoast-seo-wordpress\/ -->\n<title>VOP | Dermarevolta<\/title>\n<meta name=\"robots\" content=\"noindex, nofollow\" \/>\n<meta property=\"og:locale\" content=\"de_DE\" \/>\n<meta property=\"og:type\" content=\"article\" \/>\n<meta property=\"og:title\" content=\"VOP | Dermarevolta\" \/>\n<meta property=\"og:description\" content=\"V\u0160EOBECN\u00c9 OBCHODN\u00c9 PODMIENKY pre poskytovanie zdravotnej starostlivosti v zdravotn\u00edckom zariaden\u00ed ATRIM SK s.r.o., Smaragdov\u00e1 ul. 1, 851 10 Bratislava I\u010cO: 55482261 \u00davodn\u00e9 ustanovenia Tieto v\u0161eobecn\u00e9 obchodn\u00e9 podmienky (\u010falej len \u201eVOP\u201c) upravuj\u00fa pr\u00e1va a povinnosti medzi spolo\u010dnos\u0165ou ATRIM SK s.r.o., Smaragdov\u00e1 ul. 1, 851 10 Bratislava, I\u010cO: 55482261 (\u010falej len \u201ePoskytovate\u013e\u201c) a fyzick\u00fdmi osobami \u2013 klientmi [&hellip;]\" \/>\n<meta property=\"og:url\" content=\"https:\/\/www.dermarevolta.com\/de\/vop\/\" \/>\n<meta property=\"og:site_name\" content=\"Dermarevolta\" \/>\n<meta property=\"article:publisher\" content=\"https:\/\/www.facebook.com\/Dermarevolta\/\" \/>\n<meta property=\"article:modified_time\" content=\"2026-01-15T13:45:40+00:00\" \/>\n<meta name=\"twitter:card\" content=\"summary_large_image\" \/>\n<meta name=\"twitter:label1\" content=\"Gesch\u00e4tzte Lesezeit\" \/>\n\t<meta name=\"twitter:data1\" content=\"4\u00a0Minuten\" \/>\n<script type=\"application\/ld+json\" class=\"yoast-schema-graph\">{\"@context\":\"https:\\\/\\\/schema.org\",\"@graph\":[{\"@type\":[\"WebPage\",\"MedicalWebPage\"],\"@id\":\"https:\\\/\\\/www.dermarevolta.com\\\/vop\\\/\",\"url\":\"https:\\\/\\\/www.dermarevolta.com\\\/vop\\\/\",\"name\":\"VOP | Dermarevolta\",\"isPartOf\":{\"@id\":\"https:\\\/\\\/www.dermarevolta.com\\\/#website\"},\"datePublished\":\"2025-07-03T06:38:58+00:00\",\"dateModified\":\"2026-01-15T13:45:40+00:00\",\"breadcrumb\":{\"@id\":\"https:\\\/\\\/www.dermarevolta.com\\\/vop\\\/#breadcrumb\"},\"inLanguage\":\"de\",\"potentialAction\":[{\"@type\":\"ReadAction\",\"target\":[\"https:\\\/\\\/www.dermarevolta.com\\\/vop\\\/\"]}]},{\"@type\":\"BreadcrumbList\",\"@id\":\"https:\\\/\\\/www.dermarevolta.com\\\/vop\\\/#breadcrumb\",\"itemListElement\":[{\"@type\":\"ListItem\",\"position\":1,\"name\":\"Home\",\"item\":\"https:\\\/\\\/www.dermarevolta.com\\\/\"},{\"@type\":\"ListItem\",\"position\":2,\"name\":\"VOP\"}]},{\"@type\":\"WebSite\",\"@id\":\"https:\\\/\\\/www.dermarevolta.com\\\/#website\",\"url\":\"https:\\\/\\\/www.dermarevolta.com\\\/\",\"name\":\"Dermarevolta\",\"description\":\"S\u00fakromn\u00e1 klinika dermatol\u00f3gie a estetickej medic\u00edny\",\"publisher\":{\"@id\":\"https:\\\/\\\/www.dermarevolta.com\\\/#organization\"},\"potentialAction\":[{\"@type\":\"SearchAction\",\"target\":{\"@type\":\"EntryPoint\",\"urlTemplate\":\"https:\\\/\\\/www.dermarevolta.com\\\/?s={search_term_string}\"},\"query-input\":{\"@type\":\"PropertyValueSpecification\",\"valueRequired\":true,\"valueName\":\"search_term_string\"}}],\"inLanguage\":\"de\"},{\"@type\":\"Organization\",\"@id\":\"https:\\\/\\\/www.dermarevolta.com\\\/#organization\",\"name\":\"Dermarevolta\",\"alternateName\":\"S\u00fakromn\u00e1 klinika v Bratislave poskytuj\u00faca dermatologick\u00fa, gynekologick\u00fa, endokrinologick\u00fa starostlivos\u0165 a ultrazvukov\u00e9 vy\u0161etrenia.\",\"url\":\"https:\\\/\\\/www.dermarevolta.com\\\/\",\"logo\":{\"@type\":\"ImageObject\",\"inLanguage\":\"de\",\"@id\":\"https:\\\/\\\/www.dermarevolta.com\\\/#\\\/schema\\\/logo\\\/image\\\/\",\"url\":\"https:\\\/\\\/www.dermarevolta.com\\\/wp-content\\\/uploads\\\/2025\\\/10\\\/logo.svg\",\"contentUrl\":\"https:\\\/\\\/www.dermarevolta.com\\\/wp-content\\\/uploads\\\/2025\\\/10\\\/logo.svg\",\"width\":300,\"height\":300,\"caption\":\"Dermarevolta\"},\"image\":{\"@id\":\"https:\\\/\\\/www.dermarevolta.com\\\/#\\\/schema\\\/logo\\\/image\\\/\"},\"sameAs\":[\"https:\\\/\\\/www.facebook.com\\\/Dermarevolta\\\/\",\"https:\\\/\\\/www.instagram.com\\\/dermarevolta\\\/\",\"https:\\\/\\\/www.tiktok.com\\\/@dermarevolta\",\"https:\\\/\\\/www.youtube.com\\\/channel\\\/UC40MW2TugWfB-YsM8vBnBUQ\"]}]}<\/script>\n<!-- \/ Yoast SEO plugin. -->","yoast_head_json":{"title":"VOP | Dermarevolta","robots":{"index":"noindex","follow":"nofollow"},"og_locale":"de_DE","og_type":"article","og_title":"VOP | Dermarevolta","og_description":"V\u0160EOBECN\u00c9 OBCHODN\u00c9 PODMIENKY pre poskytovanie zdravotnej starostlivosti v zdravotn\u00edckom zariaden\u00ed ATRIM SK s.r.o., Smaragdov\u00e1 ul. 1, 851 10 Bratislava I\u010cO: 55482261 \u00davodn\u00e9 ustanovenia Tieto v\u0161eobecn\u00e9 obchodn\u00e9 podmienky (\u010falej len \u201eVOP\u201c) upravuj\u00fa pr\u00e1va a povinnosti medzi spolo\u010dnos\u0165ou ATRIM SK s.r.o., Smaragdov\u00e1 ul. 1, 851 10 Bratislava, I\u010cO: 55482261 (\u010falej len \u201ePoskytovate\u013e\u201c) a fyzick\u00fdmi osobami \u2013 klientmi [&hellip;]","og_url":"https:\/\/www.dermarevolta.com\/de\/vop\/","og_site_name":"Dermarevolta","article_publisher":"https:\/\/www.facebook.com\/Dermarevolta\/","article_modified_time":"2026-01-15T13:45:40+00:00","twitter_card":"summary_large_image","twitter_misc":{"Gesch\u00e4tzte Lesezeit":"4\u00a0Minuten"},"schema":{"@context":"https:\/\/schema.org","@graph":[{"@type":["WebPage","MedicalWebPage"],"@id":"https:\/\/www.dermarevolta.com\/vop\/","url":"https:\/\/www.dermarevolta.com\/vop\/","name":"VOP | Dermarevolta","isPartOf":{"@id":"https:\/\/www.dermarevolta.com\/#website"},"datePublished":"2025-07-03T06:38:58+00:00","dateModified":"2026-01-15T13:45:40+00:00","breadcrumb":{"@id":"https:\/\/www.dermarevolta.com\/vop\/#breadcrumb"},"inLanguage":"de","potentialAction":[{"@type":"ReadAction","target":["https:\/\/www.dermarevolta.com\/vop\/"]}]},{"@type":"BreadcrumbList","@id":"https:\/\/www.dermarevolta.com\/vop\/#breadcrumb","itemListElement":[{"@type":"ListItem","position":1,"name":"Home","item":"https:\/\/www.dermarevolta.com\/"},{"@type":"ListItem","position":2,"name":"VOP"}]},{"@type":"WebSite","@id":"https:\/\/www.dermarevolta.com\/#website","url":"https:\/\/www.dermarevolta.com\/","name":"Dermarevolta","description":"Privatklinik f\u00fcr Dermatologie und \u00e4sthetische Medizin","publisher":{"@id":"https:\/\/www.dermarevolta.com\/#organization"},"potentialAction":[{"@type":"SearchAction","target":{"@type":"EntryPoint","urlTemplate":"https:\/\/www.dermarevolta.com\/?s={search_term_string}"},"query-input":{"@type":"PropertyValueSpecification","valueRequired":true,"valueName":"search_term_string"}}],"inLanguage":"de"},{"@type":"Organization","@id":"https:\/\/www.dermarevolta.com\/#organization","name":"Dermarevolta","alternateName":"S\u00fakromn\u00e1 klinika v Bratislave poskytuj\u00faca dermatologick\u00fa, gynekologick\u00fa, endokrinologick\u00fa starostlivos\u0165 a ultrazvukov\u00e9 vy\u0161etrenia.","url":"https:\/\/www.dermarevolta.com\/","logo":{"@type":"ImageObject","inLanguage":"de","@id":"https:\/\/www.dermarevolta.com\/#\/schema\/logo\/image\/","url":"https:\/\/www.dermarevolta.com\/wp-content\/uploads\/2025\/10\/logo.svg","contentUrl":"https:\/\/www.dermarevolta.com\/wp-content\/uploads\/2025\/10\/logo.svg","width":300,"height":300,"caption":"Dermarevolta"},"image":{"@id":"https:\/\/www.dermarevolta.com\/#\/schema\/logo\/image\/"},"sameAs":["https:\/\/www.facebook.com\/Dermarevolta\/","https:\/\/www.instagram.com\/dermarevolta\/","https:\/\/www.tiktok.com\/@dermarevolta","https:\/\/www.youtube.com\/channel\/UC40MW2TugWfB-YsM8vBnBUQ"]}]}},"_links":{"self":[{"href":"https:\/\/www.dermarevolta.com\/de\/wp-json\/wp\/v2\/pages\/12068","targetHints":{"allow":["GET"]}}],"collection":[{"href":"https:\/\/www.dermarevolta.com\/de\/wp-json\/wp\/v2\/pages"}],"about":[{"href":"https:\/\/www.dermarevolta.com\/de\/wp-json\/wp\/v2\/types\/page"}],"author":[{"embeddable":true,"href":"https:\/\/www.dermarevolta.com\/de\/wp-json\/wp\/v2\/users\/9"}],"replies":[{"embeddable":true,"href":"https:\/\/www.dermarevolta.com\/de\/wp-json\/wp\/v2\/comments?post=12068"}],"version-history":[{"count":6,"href":"https:\/\/www.dermarevolta.com\/de\/wp-json\/wp\/v2\/pages\/12068\/revisions"}],"predecessor-version":[{"id":12102,"href":"https:\/\/www.dermarevolta.com\/de\/wp-json\/wp\/v2\/pages\/12068\/revisions\/12102"}],"wp:attachment":[{"href":"https:\/\/www.dermarevolta.com\/de\/wp-json\/wp\/v2\/media?parent=12068"}],"curies":[{"name":"wp","href":"https:\/\/api.w.org\/{rel}","templated":true}]}}