{"id":12351,"date":"2025-12-06T15:08:18","date_gmt":"2025-12-06T14:08:18","guid":{"rendered":"https:\/\/www.dermarevolta.com\/?page_id=12351"},"modified":"2026-04-15T11:11:52","modified_gmt":"2026-04-15T09:11:52","slug":"gynekologia-bratislava","status":"publish","type":"page","link":"https:\/\/www.dermarevolta.com\/uk\/gynekologia-bratislava\/","title":{"rendered":"\u0413\u0456\u043d\u0435\u043a\u043e\u043b\u043e\u0433\u0456\u044f \u0432 \u0411\u0440\u0430\u0442\u0438\u0441\u043b\u0430\u0432\u0456"},"content":{"rendered":"","protected":false},"excerpt":{"rendered":"","protected":false},"author":8,"featured_media":0,"parent":0,"menu_order":0,"comment_status":"closed","ping_status":"closed","template":"page-services-category.php","meta":{"_acf_changed":false,"inline_featured_image":false,"footnotes":""},"class_list":["post-12351","page","type-page","status-publish","hentry"],"acf":[],"yoast_head":"<!-- This site is optimized with the Yoast SEO plugin v27.4 - https:\/\/yoast.com\/product\/yoast-seo-wordpress\/ -->\n<title>Gynekol\u00f3gia v Bratislave | S\u00fakromn\u00e1 gynekologick\u00e1 ambulancia Dermarevolta<\/title>\n<meta name=\"description\" content=\"S\u00fakromn\u00e1 gynekologick\u00e1 klinika s ultrazvukom, modernou diagnostikou a komplexnou lie\u010dbou. Objednajte sa ku gynekol\u00f3govi v Bratislave bez \u010dakania.\" \/>\n<meta name=\"robots\" content=\"index, follow, max-snippet:-1, max-image-preview:large, max-video-preview:-1\" \/>\n<link rel=\"canonical\" href=\"https:\/\/www.dermarevolta.com\/uk\/gynekologia-bratislava\/\" \/>\n<meta property=\"og:locale\" content=\"uk_UA\" \/>\n<meta property=\"og:type\" content=\"article\" \/>\n<meta property=\"og:title\" content=\"Gynekol\u00f3gia v Bratislave | S\u00fakromn\u00e1 gynekologick\u00e1 ambulancia Dermarevolta\" \/>\n<meta property=\"og:description\" content=\"S\u00fakromn\u00e1 gynekologick\u00e1 klinika s ultrazvukom, modernou diagnostikou a komplexnou lie\u010dbou. Objednajte sa ku gynekol\u00f3govi v Bratislave bez \u010dakania.\" \/>\n<meta property=\"og:url\" content=\"https:\/\/www.dermarevolta.com\/uk\/gynekologia-bratislava\/\" \/>\n<meta property=\"og:site_name\" content=\"Dermarevolta\" \/>\n<meta property=\"article:publisher\" content=\"https:\/\/www.facebook.com\/Dermarevolta\/\" \/>\n<meta property=\"article:modified_time\" content=\"2026-04-15T09:11:52+00:00\" \/>\n<meta name=\"twitter:card\" content=\"summary_large_image\" \/>\n<script type=\"application\/ld+json\" class=\"yoast-schema-graph\">{\"@context\":\"https:\\\/\\\/schema.org\",\"@graph\":[{\"@type\":[\"WebPage\",\"MedicalWebPage\"],\"@id\":\"https:\\\/\\\/www.dermarevolta.com\\\/gynekologia-bratislava\\\/\",\"url\":\"https:\\\/\\\/www.dermarevolta.com\\\/gynekologia-bratislava\\\/\",\"name\":\"Gynekol\u00f3gia v Bratislave | S\u00fakromn\u00e1 gynekologick\u00e1 ambulancia Dermarevolta\",\"isPartOf\":{\"@id\":\"https:\\\/\\\/www.dermarevolta.com\\\/#website\"},\"datePublished\":\"2025-12-06T14:08:18+00:00\",\"dateModified\":\"2026-04-15T09:11:52+00:00\",\"description\":\"S\u00fakromn\u00e1 gynekologick\u00e1 klinika s ultrazvukom, modernou diagnostikou a komplexnou lie\u010dbou. Objednajte sa ku gynekol\u00f3govi v Bratislave bez \u010dakania.\",\"breadcrumb\":{\"@id\":\"https:\\\/\\\/www.dermarevolta.com\\\/gynekologia-bratislava\\\/#breadcrumb\"},\"inLanguage\":\"uk\",\"potentialAction\":[{\"@type\":\"ReadAction\",\"target\":[\"https:\\\/\\\/www.dermarevolta.com\\\/gynekologia-bratislava\\\/\"]}]},{\"@type\":\"BreadcrumbList\",\"@id\":\"https:\\\/\\\/www.dermarevolta.com\\\/gynekologia-bratislava\\\/#breadcrumb\",\"itemListElement\":[{\"@type\":\"ListItem\",\"position\":1,\"name\":\"Home\",\"item\":\"https:\\\/\\\/www.dermarevolta.com\\\/\"},{\"@type\":\"ListItem\",\"position\":2,\"name\":\"Gynekol\u00f3gia v Bratislave\"}]},{\"@type\":\"WebSite\",\"@id\":\"https:\\\/\\\/www.dermarevolta.com\\\/#website\",\"url\":\"https:\\\/\\\/www.dermarevolta.com\\\/\",\"name\":\"Dermarevolta\",\"description\":\"S\u00fakromn\u00e1 klinika dermatol\u00f3gie a estetickej medic\u00edny\",\"publisher\":{\"@id\":\"https:\\\/\\\/www.dermarevolta.com\\\/#organization\"},\"potentialAction\":[{\"@type\":\"SearchAction\",\"target\":{\"@type\":\"EntryPoint\",\"urlTemplate\":\"https:\\\/\\\/www.dermarevolta.com\\\/?s={search_term_string}\"},\"query-input\":{\"@type\":\"PropertyValueSpecification\",\"valueRequired\":true,\"valueName\":\"search_term_string\"}}],\"inLanguage\":\"uk\"},{\"@type\":\"Organization\",\"@id\":\"https:\\\/\\\/www.dermarevolta.com\\\/#organization\",\"name\":\"Dermarevolta\",\"alternateName\":\"S\u00fakromn\u00e1 klinika v Bratislave poskytuj\u00faca dermatologick\u00fa, gynekologick\u00fa, endokrinologick\u00fa starostlivos\u0165 a ultrazvukov\u00e9 vy\u0161etrenia.\",\"url\":\"https:\\\/\\\/www.dermarevolta.com\\\/\",\"logo\":{\"@type\":\"ImageObject\",\"inLanguage\":\"uk\",\"@id\":\"https:\\\/\\\/www.dermarevolta.com\\\/#\\\/schema\\\/logo\\\/image\\\/\",\"url\":\"https:\\\/\\\/www.dermarevolta.com\\\/wp-content\\\/uploads\\\/2025\\\/10\\\/logo.svg\",\"contentUrl\":\"https:\\\/\\\/www.dermarevolta.com\\\/wp-content\\\/uploads\\\/2025\\\/10\\\/logo.svg\",\"width\":300,\"height\":300,\"caption\":\"Dermarevolta\"},\"image\":{\"@id\":\"https:\\\/\\\/www.dermarevolta.com\\\/#\\\/schema\\\/logo\\\/image\\\/\"},\"sameAs\":[\"https:\\\/\\\/www.facebook.com\\\/Dermarevolta\\\/\",\"https:\\\/\\\/www.instagram.com\\\/dermarevolta\\\/\",\"https:\\\/\\\/www.tiktok.com\\\/@dermarevolta\",\"https:\\\/\\\/www.youtube.com\\\/channel\\\/UC40MW2TugWfB-YsM8vBnBUQ\"]}]}<\/script>\n<!-- \/ Yoast SEO plugin. -->","yoast_head_json":{"title":"\u0413\u0456\u043d\u0435\u043a\u043e\u043b\u043e\u0433\u0456\u044f \u0432 \u0411\u0440\u0430\u0442\u0438\u0441\u043b\u0430\u0432\u0456 | \u041f\u0440\u0438\u0432\u0430\u0442\u043d\u0430 \u0433\u0456\u043d\u0435\u043a\u043e\u043b\u043e\u0433\u0456\u0447\u043d\u0430 \u0430\u043c\u0431\u0443\u043b\u0430\u0442\u043e\u0440\u0456\u044f Dermarevolta","description":"\u041f\u0440\u0438\u0432\u0430\u0442\u043d\u0430 \u0433\u0456\u043d\u0435\u043a\u043e\u043b\u043e\u0433\u0456\u0447\u043d\u0430 \u043a\u043b\u0456\u043d\u0456\u043a\u0430 \u0437 \u0423\u0417\u0414, \u0441\u0443\u0447\u0430\u0441\u043d\u043e\u044e \u0434\u0456\u0430\u0433\u043d\u043e\u0441\u0442\u0438\u043a\u043e\u044e \u0442\u0430 \u043a\u043e\u043c\u043f\u043b\u0435\u043a\u0441\u043d\u0438\u043c \u043b\u0456\u043a\u0443\u0432\u0430\u043d\u043d\u044f\u043c. \u0417\u0430\u043f\u0438\u0448\u0456\u0442\u044c\u0441\u044f \u0434\u043e \u0433\u0456\u043d\u0435\u043a\u043e\u043b\u043e\u0433\u0430 \u0432 \u0411\u0440\u0430\u0442\u0438\u0441\u043b\u0430\u0432\u0456 \u0431\u0435\u0437 \u043e\u0447\u0456\u043a\u0443\u0432\u0430\u043d\u043d\u044f.","robots":{"index":"index","follow":"follow","max-snippet":"max-snippet:-1","max-image-preview":"max-image-preview:large","max-video-preview":"max-video-preview:-1"},"canonical":"https:\/\/www.dermarevolta.com\/uk\/gynekologia-bratislava\/","og_locale":"uk_UA","og_type":"article","og_title":"Gynekol\u00f3gia v Bratislave | S\u00fakromn\u00e1 gynekologick\u00e1 ambulancia Dermarevolta","og_description":"S\u00fakromn\u00e1 gynekologick\u00e1 klinika s ultrazvukom, modernou diagnostikou a komplexnou lie\u010dbou. Objednajte sa ku gynekol\u00f3govi v Bratislave bez \u010dakania.","og_url":"https:\/\/www.dermarevolta.com\/uk\/gynekologia-bratislava\/","og_site_name":"Dermarevolta","article_publisher":"https:\/\/www.facebook.com\/Dermarevolta\/","article_modified_time":"2026-04-15T09:11:52+00:00","twitter_card":"summary_large_image","schema":{"@context":"https:\/\/schema.org","@graph":[{"@type":["WebPage","MedicalWebPage"],"@id":"https:\/\/www.dermarevolta.com\/gynekologia-bratislava\/","url":"https:\/\/www.dermarevolta.com\/gynekologia-bratislava\/","name":"\u0413\u0456\u043d\u0435\u043a\u043e\u043b\u043e\u0433\u0456\u044f \u0432 \u0411\u0440\u0430\u0442\u0438\u0441\u043b\u0430\u0432\u0456 | \u041f\u0440\u0438\u0432\u0430\u0442\u043d\u0430 \u0433\u0456\u043d\u0435\u043a\u043e\u043b\u043e\u0433\u0456\u0447\u043d\u0430 \u0430\u043c\u0431\u0443\u043b\u0430\u0442\u043e\u0440\u0456\u044f Dermarevolta","isPartOf":{"@id":"https:\/\/www.dermarevolta.com\/#website"},"datePublished":"2025-12-06T14:08:18+00:00","dateModified":"2026-04-15T09:11:52+00:00","description":"\u041f\u0440\u0438\u0432\u0430\u0442\u043d\u0430 \u0433\u0456\u043d\u0435\u043a\u043e\u043b\u043e\u0433\u0456\u0447\u043d\u0430 \u043a\u043b\u0456\u043d\u0456\u043a\u0430 \u0437 \u0423\u0417\u0414, \u0441\u0443\u0447\u0430\u0441\u043d\u043e\u044e \u0434\u0456\u0430\u0433\u043d\u043e\u0441\u0442\u0438\u043a\u043e\u044e \u0442\u0430 \u043a\u043e\u043c\u043f\u043b\u0435\u043a\u0441\u043d\u0438\u043c \u043b\u0456\u043a\u0443\u0432\u0430\u043d\u043d\u044f\u043c. \u0417\u0430\u043f\u0438\u0448\u0456\u0442\u044c\u0441\u044f \u0434\u043e \u0433\u0456\u043d\u0435\u043a\u043e\u043b\u043e\u0433\u0430 \u0432 \u0411\u0440\u0430\u0442\u0438\u0441\u043b\u0430\u0432\u0456 \u0431\u0435\u0437 \u043e\u0447\u0456\u043a\u0443\u0432\u0430\u043d\u043d\u044f.","breadcrumb":{"@id":"https:\/\/www.dermarevolta.com\/gynekologia-bratislava\/#breadcrumb"},"inLanguage":"uk","potentialAction":[{"@type":"ReadAction","target":["https:\/\/www.dermarevolta.com\/gynekologia-bratislava\/"]}]},{"@type":"BreadcrumbList","@id":"https:\/\/www.dermarevolta.com\/gynekologia-bratislava\/#breadcrumb","itemListElement":[{"@type":"ListItem","position":1,"name":"Home","item":"https:\/\/www.dermarevolta.com\/"},{"@type":"ListItem","position":2,"name":"Gynekol\u00f3gia v Bratislave"}]},{"@type":"WebSite","@id":"https:\/\/www.dermarevolta.com\/#website","url":"https:\/\/www.dermarevolta.com\/","name":"Dermarevolta","description":"S\u00fakromn\u00e1 klinika dermatol\u00f3gie a estetickej medic\u00edny","publisher":{"@id":"https:\/\/www.dermarevolta.com\/#organization"},"potentialAction":[{"@type":"SearchAction","target":{"@type":"EntryPoint","urlTemplate":"https:\/\/www.dermarevolta.com\/?s={search_term_string}"},"query-input":{"@type":"PropertyValueSpecification","valueRequired":true,"valueName":"search_term_string"}}],"inLanguage":"uk"},{"@type":"Organization","@id":"https:\/\/www.dermarevolta.com\/#organization","name":"Dermarevolta","alternateName":"S\u00fakromn\u00e1 klinika v Bratislave poskytuj\u00faca dermatologick\u00fa, gynekologick\u00fa, endokrinologick\u00fa starostlivos\u0165 a ultrazvukov\u00e9 vy\u0161etrenia.","url":"https:\/\/www.dermarevolta.com\/","logo":{"@type":"ImageObject","inLanguage":"uk","@id":"https:\/\/www.dermarevolta.com\/#\/schema\/logo\/image\/","url":"https:\/\/www.dermarevolta.com\/wp-content\/uploads\/2025\/10\/logo.svg","contentUrl":"https:\/\/www.dermarevolta.com\/wp-content\/uploads\/2025\/10\/logo.svg","width":300,"height":300,"caption":"Dermarevolta"},"image":{"@id":"https:\/\/www.dermarevolta.com\/#\/schema\/logo\/image\/"},"sameAs":["https:\/\/www.facebook.com\/Dermarevolta\/","https:\/\/www.instagram.com\/dermarevolta\/","https:\/\/www.tiktok.com\/@dermarevolta","https:\/\/www.youtube.com\/channel\/UC40MW2TugWfB-YsM8vBnBUQ"]}]}},"_links":{"self":[{"href":"https:\/\/www.dermarevolta.com\/uk\/wp-json\/wp\/v2\/pages\/12351","targetHints":{"allow":["GET"]}}],"collection":[{"href":"https:\/\/www.dermarevolta.com\/uk\/wp-json\/wp\/v2\/pages"}],"about":[{"href":"https:\/\/www.dermarevolta.com\/uk\/wp-json\/wp\/v2\/types\/page"}],"author":[{"embeddable":true,"href":"https:\/\/www.dermarevolta.com\/uk\/wp-json\/wp\/v2\/users\/8"}],"replies":[{"embeddable":true,"href":"https:\/\/www.dermarevolta.com\/uk\/wp-json\/wp\/v2\/comments?post=12351"}],"version-history":[{"count":6,"href":"https:\/\/www.dermarevolta.com\/uk\/wp-json\/wp\/v2\/pages\/12351\/revisions"}],"predecessor-version":[{"id":13705,"href":"https:\/\/www.dermarevolta.com\/uk\/wp-json\/wp\/v2\/pages\/12351\/revisions\/13705"}],"wp:attachment":[{"href":"https:\/\/www.dermarevolta.com\/uk\/wp-json\/wp\/v2\/media?parent=12351"}],"curies":[{"name":"wp","href":"https:\/\/api.w.org\/{rel}","templated":true}]}}