{"id":12431,"date":"2025-12-15T15:43:01","date_gmt":"2025-12-15T14:43:01","guid":{"rendered":"https:\/\/www.dermarevolta.com\/?page_id=12431"},"modified":"2026-03-20T23:51:56","modified_gmt":"2026-03-20T22:51:56","slug":"ultrazvukova-diagnostika-bratislava","status":"publish","type":"page","link":"https:\/\/www.dermarevolta.com\/uk\/ultrazvukova-diagnostika-bratislava\/","title":{"rendered":"\u0421\u043f\u0435\u0446\u0456\u0430\u043b\u0456\u0437\u043e\u0432\u0430\u043d\u0430 \u0443\u043b\u044c\u0442\u0440\u0430\u0437\u0432\u0443\u043a\u043e\u0432\u0430 \u0434\u0456\u0430\u0433\u043d\u043e\u0441\u0442\u0438\u043a\u0430 \u0432 \u0411\u0440\u0430\u0442\u0438\u0441\u043b\u0430\u0432\u0456"},"content":{"rendered":"","protected":false},"excerpt":{"rendered":"","protected":false},"author":9,"featured_media":0,"parent":0,"menu_order":0,"comment_status":"closed","ping_status":"closed","template":"page-services-category.php","meta":{"_acf_changed":false,"inline_featured_image":false,"footnotes":""},"class_list":["post-12431","page","type-page","status-publish","hentry"],"acf":[],"yoast_head":"<!-- This site is optimized with the Yoast SEO plugin v27.4 - https:\/\/yoast.com\/product\/yoast-seo-wordpress\/ -->\n<title>Ultrazvukov\u00e1 diagnostika (USG) v Bratislave | Klinika Dermarevolta<\/title>\n<meta name=\"description\" content=\"Ultrazvukov\u00e9 vy\u0161etrenia (USG, sono) v s\u00fakromnej klinike v Bratislave. R\u00fdchle term\u00edny, bez v\u00fdmenn\u00e9ho l\u00edstka. Radi v\u00e1m n\u00e1jdeme vhodn\u00fd term\u00edn.\" \/>\n<meta name=\"robots\" content=\"index, follow, max-snippet:-1, max-image-preview:large, max-video-preview:-1\" \/>\n<link rel=\"canonical\" href=\"https:\/\/www.dermarevolta.com\/uk\/ultrazvukova-diagnostika-bratislava\/\" \/>\n<meta property=\"og:locale\" content=\"uk_UA\" \/>\n<meta property=\"og:type\" content=\"article\" \/>\n<meta property=\"og:title\" content=\"Ultrazvukov\u00e1 diagnostika (USG) v Bratislave | Klinika Dermarevolta\" \/>\n<meta property=\"og:description\" content=\"Ultrazvukov\u00e9 vy\u0161etrenia (USG, sono) v s\u00fakromnej klinike v Bratislave. R\u00fdchle term\u00edny, bez v\u00fdmenn\u00e9ho l\u00edstka. Radi v\u00e1m n\u00e1jdeme vhodn\u00fd term\u00edn.\" \/>\n<meta property=\"og:url\" content=\"https:\/\/www.dermarevolta.com\/uk\/ultrazvukova-diagnostika-bratislava\/\" \/>\n<meta property=\"og:site_name\" content=\"Dermarevolta\" \/>\n<meta property=\"article:publisher\" content=\"https:\/\/www.facebook.com\/Dermarevolta\/\" \/>\n<meta property=\"article:modified_time\" content=\"2026-03-20T22:51:56+00:00\" \/>\n<meta name=\"twitter:card\" content=\"summary_large_image\" \/>\n<script type=\"application\/ld+json\" class=\"yoast-schema-graph\">{\"@context\":\"https:\\\/\\\/schema.org\",\"@graph\":[{\"@type\":[\"WebPage\",\"MedicalWebPage\"],\"@id\":\"https:\\\/\\\/www.dermarevolta.com\\\/ultrazvukova-diagnostika-bratislava\\\/\",\"url\":\"https:\\\/\\\/www.dermarevolta.com\\\/ultrazvukova-diagnostika-bratislava\\\/\",\"name\":\"Ultrazvukov\u00e1 diagnostika (USG) v Bratislave | Klinika Dermarevolta\",\"isPartOf\":{\"@id\":\"https:\\\/\\\/www.dermarevolta.com\\\/#website\"},\"datePublished\":\"2025-12-15T14:43:01+00:00\",\"dateModified\":\"2026-03-20T22:51:56+00:00\",\"description\":\"Ultrazvukov\u00e9 vy\u0161etrenia (USG, sono) v s\u00fakromnej klinike v Bratislave. R\u00fdchle term\u00edny, bez v\u00fdmenn\u00e9ho l\u00edstka. Radi v\u00e1m n\u00e1jdeme vhodn\u00fd term\u00edn.\",\"breadcrumb\":{\"@id\":\"https:\\\/\\\/www.dermarevolta.com\\\/ultrazvukova-diagnostika-bratislava\\\/#breadcrumb\"},\"inLanguage\":\"uk\",\"potentialAction\":[{\"@type\":\"ReadAction\",\"target\":[\"https:\\\/\\\/www.dermarevolta.com\\\/ultrazvukova-diagnostika-bratislava\\\/\"]}]},{\"@type\":\"BreadcrumbList\",\"@id\":\"https:\\\/\\\/www.dermarevolta.com\\\/ultrazvukova-diagnostika-bratislava\\\/#breadcrumb\",\"itemListElement\":[{\"@type\":\"ListItem\",\"position\":1,\"name\":\"Home\",\"item\":\"https:\\\/\\\/www.dermarevolta.com\\\/\"},{\"@type\":\"ListItem\",\"position\":2,\"name\":\"\u0160pecializovan\u00e1 ultrazvukov\u00e1 diagnostika v Bratislave\"}]},{\"@type\":\"WebSite\",\"@id\":\"https:\\\/\\\/www.dermarevolta.com\\\/#website\",\"url\":\"https:\\\/\\\/www.dermarevolta.com\\\/\",\"name\":\"Dermarevolta\",\"description\":\"S\u00fakromn\u00e1 klinika dermatol\u00f3gie a estetickej medic\u00edny\",\"publisher\":{\"@id\":\"https:\\\/\\\/www.dermarevolta.com\\\/#organization\"},\"potentialAction\":[{\"@type\":\"SearchAction\",\"target\":{\"@type\":\"EntryPoint\",\"urlTemplate\":\"https:\\\/\\\/www.dermarevolta.com\\\/?s={search_term_string}\"},\"query-input\":{\"@type\":\"PropertyValueSpecification\",\"valueRequired\":true,\"valueName\":\"search_term_string\"}}],\"inLanguage\":\"uk\"},{\"@type\":\"Organization\",\"@id\":\"https:\\\/\\\/www.dermarevolta.com\\\/#organization\",\"name\":\"Dermarevolta\",\"alternateName\":\"S\u00fakromn\u00e1 klinika v Bratislave poskytuj\u00faca dermatologick\u00fa, gynekologick\u00fa, endokrinologick\u00fa starostlivos\u0165 a ultrazvukov\u00e9 vy\u0161etrenia.\",\"url\":\"https:\\\/\\\/www.dermarevolta.com\\\/\",\"logo\":{\"@type\":\"ImageObject\",\"inLanguage\":\"uk\",\"@id\":\"https:\\\/\\\/www.dermarevolta.com\\\/#\\\/schema\\\/logo\\\/image\\\/\",\"url\":\"https:\\\/\\\/www.dermarevolta.com\\\/wp-content\\\/uploads\\\/2025\\\/10\\\/logo.svg\",\"contentUrl\":\"https:\\\/\\\/www.dermarevolta.com\\\/wp-content\\\/uploads\\\/2025\\\/10\\\/logo.svg\",\"width\":300,\"height\":300,\"caption\":\"Dermarevolta\"},\"image\":{\"@id\":\"https:\\\/\\\/www.dermarevolta.com\\\/#\\\/schema\\\/logo\\\/image\\\/\"},\"sameAs\":[\"https:\\\/\\\/www.facebook.com\\\/Dermarevolta\\\/\",\"https:\\\/\\\/www.instagram.com\\\/dermarevolta\\\/\",\"https:\\\/\\\/www.tiktok.com\\\/@dermarevolta\",\"https:\\\/\\\/www.youtube.com\\\/channel\\\/UC40MW2TugWfB-YsM8vBnBUQ\"]}]}<\/script>\n<!-- \/ Yoast SEO plugin. -->","yoast_head_json":{"title":"\u0423\u043b\u044c\u0442\u0440\u0430\u0437\u0432\u0443\u043a\u043e\u0432\u0430 \u0434\u0456\u0430\u0433\u043d\u043e\u0441\u0442\u0438\u043a\u0430 (\u0423\u0417\u0414) \u0443 \u0411\u0440\u0430\u0442\u0438\u0441\u043b\u0430\u0432\u0456 | \u041a\u043b\u0456\u043d\u0456\u043a\u0430 Dermarevolta","description":"\u0423\u043b\u044c\u0442\u0440\u0430\u0437\u0432\u0443\u043a\u043e\u0432\u0456 \u043e\u0431\u0441\u0442\u0435\u0436\u0435\u043d\u043d\u044f (\u0423\u0417\u0414, \u0441\u043e\u043d\u043e\u0433\u0440\u0430\u0444\u0456\u044f) \u0443 \u043f\u0440\u0438\u0432\u0430\u0442\u043d\u0456\u0439 \u043a\u043b\u0456\u043d\u0456\u0446\u0456 \u0432 \u0411\u0440\u0430\u0442\u0438\u0441\u043b\u0430\u0432\u0456. \u0428\u0432\u0438\u0434\u043a\u0456 \u0442\u0435\u0440\u043c\u0456\u043d\u0438, \u0431\u0435\u0437 \u043d\u0430\u043f\u0440\u0430\u0432\u043b\u0435\u043d\u043d\u044f. \u0417 \u0440\u0430\u0434\u0456\u0441\u0442\u044e \u043f\u0456\u0434\u0431\u0435\u0440\u0435\u043c\u043e \u0434\u043b\u044f \u0432\u0430\u0441 \u0437\u0440\u0443\u0447\u043d\u0438\u0439 \u0447\u0430\u0441.","robots":{"index":"index","follow":"follow","max-snippet":"max-snippet:-1","max-image-preview":"max-image-preview:large","max-video-preview":"max-video-preview:-1"},"canonical":"https:\/\/www.dermarevolta.com\/uk\/ultrazvukova-diagnostika-bratislava\/","og_locale":"uk_UA","og_type":"article","og_title":"Ultrazvukov\u00e1 diagnostika (USG) v Bratislave | Klinika Dermarevolta","og_description":"Ultrazvukov\u00e9 vy\u0161etrenia (USG, sono) v s\u00fakromnej klinike v Bratislave. R\u00fdchle term\u00edny, bez v\u00fdmenn\u00e9ho l\u00edstka. Radi v\u00e1m n\u00e1jdeme vhodn\u00fd term\u00edn.","og_url":"https:\/\/www.dermarevolta.com\/uk\/ultrazvukova-diagnostika-bratislava\/","og_site_name":"Dermarevolta","article_publisher":"https:\/\/www.facebook.com\/Dermarevolta\/","article_modified_time":"2026-03-20T22:51:56+00:00","twitter_card":"summary_large_image","schema":{"@context":"https:\/\/schema.org","@graph":[{"@type":["WebPage","MedicalWebPage"],"@id":"https:\/\/www.dermarevolta.com\/ultrazvukova-diagnostika-bratislava\/","url":"https:\/\/www.dermarevolta.com\/ultrazvukova-diagnostika-bratislava\/","name":"\u0423\u043b\u044c\u0442\u0440\u0430\u0437\u0432\u0443\u043a\u043e\u0432\u0430 \u0434\u0456\u0430\u0433\u043d\u043e\u0441\u0442\u0438\u043a\u0430 (\u0423\u0417\u0414) \u0443 \u0411\u0440\u0430\u0442\u0438\u0441\u043b\u0430\u0432\u0456 | \u041a\u043b\u0456\u043d\u0456\u043a\u0430 Dermarevolta","isPartOf":{"@id":"https:\/\/www.dermarevolta.com\/#website"},"datePublished":"2025-12-15T14:43:01+00:00","dateModified":"2026-03-20T22:51:56+00:00","description":"\u0423\u043b\u044c\u0442\u0440\u0430\u0437\u0432\u0443\u043a\u043e\u0432\u0456 \u043e\u0431\u0441\u0442\u0435\u0436\u0435\u043d\u043d\u044f (\u0423\u0417\u0414, \u0441\u043e\u043d\u043e\u0433\u0440\u0430\u0444\u0456\u044f) \u0443 \u043f\u0440\u0438\u0432\u0430\u0442\u043d\u0456\u0439 \u043a\u043b\u0456\u043d\u0456\u0446\u0456 \u0432 \u0411\u0440\u0430\u0442\u0438\u0441\u043b\u0430\u0432\u0456. \u0428\u0432\u0438\u0434\u043a\u0456 \u0442\u0435\u0440\u043c\u0456\u043d\u0438, \u0431\u0435\u0437 \u043d\u0430\u043f\u0440\u0430\u0432\u043b\u0435\u043d\u043d\u044f. \u0417 \u0440\u0430\u0434\u0456\u0441\u0442\u044e \u043f\u0456\u0434\u0431\u0435\u0440\u0435\u043c\u043e \u0434\u043b\u044f \u0432\u0430\u0441 \u0437\u0440\u0443\u0447\u043d\u0438\u0439 \u0447\u0430\u0441.","breadcrumb":{"@id":"https:\/\/www.dermarevolta.com\/ultrazvukova-diagnostika-bratislava\/#breadcrumb"},"inLanguage":"uk","potentialAction":[{"@type":"ReadAction","target":["https:\/\/www.dermarevolta.com\/ultrazvukova-diagnostika-bratislava\/"]}]},{"@type":"BreadcrumbList","@id":"https:\/\/www.dermarevolta.com\/ultrazvukova-diagnostika-bratislava\/#breadcrumb","itemListElement":[{"@type":"ListItem","position":1,"name":"Home","item":"https:\/\/www.dermarevolta.com\/"},{"@type":"ListItem","position":2,"name":"\u0160pecializovan\u00e1 ultrazvukov\u00e1 diagnostika v Bratislave"}]},{"@type":"WebSite","@id":"https:\/\/www.dermarevolta.com\/#website","url":"https:\/\/www.dermarevolta.com\/","name":"Dermarevolta","description":"S\u00fakromn\u00e1 klinika dermatol\u00f3gie a estetickej medic\u00edny","publisher":{"@id":"https:\/\/www.dermarevolta.com\/#organization"},"potentialAction":[{"@type":"SearchAction","target":{"@type":"EntryPoint","urlTemplate":"https:\/\/www.dermarevolta.com\/?s={search_term_string}"},"query-input":{"@type":"PropertyValueSpecification","valueRequired":true,"valueName":"search_term_string"}}],"inLanguage":"uk"},{"@type":"Organization","@id":"https:\/\/www.dermarevolta.com\/#organization","name":"Dermarevolta","alternateName":"S\u00fakromn\u00e1 klinika v Bratislave poskytuj\u00faca dermatologick\u00fa, gynekologick\u00fa, endokrinologick\u00fa starostlivos\u0165 a ultrazvukov\u00e9 vy\u0161etrenia.","url":"https:\/\/www.dermarevolta.com\/","logo":{"@type":"ImageObject","inLanguage":"uk","@id":"https:\/\/www.dermarevolta.com\/#\/schema\/logo\/image\/","url":"https:\/\/www.dermarevolta.com\/wp-content\/uploads\/2025\/10\/logo.svg","contentUrl":"https:\/\/www.dermarevolta.com\/wp-content\/uploads\/2025\/10\/logo.svg","width":300,"height":300,"caption":"Dermarevolta"},"image":{"@id":"https:\/\/www.dermarevolta.com\/#\/schema\/logo\/image\/"},"sameAs":["https:\/\/www.facebook.com\/Dermarevolta\/","https:\/\/www.instagram.com\/dermarevolta\/","https:\/\/www.tiktok.com\/@dermarevolta","https:\/\/www.youtube.com\/channel\/UC40MW2TugWfB-YsM8vBnBUQ"]}]}},"_links":{"self":[{"href":"https:\/\/www.dermarevolta.com\/uk\/wp-json\/wp\/v2\/pages\/12431","targetHints":{"allow":["GET"]}}],"collection":[{"href":"https:\/\/www.dermarevolta.com\/uk\/wp-json\/wp\/v2\/pages"}],"about":[{"href":"https:\/\/www.dermarevolta.com\/uk\/wp-json\/wp\/v2\/types\/page"}],"author":[{"embeddable":true,"href":"https:\/\/www.dermarevolta.com\/uk\/wp-json\/wp\/v2\/users\/9"}],"replies":[{"embeddable":true,"href":"https:\/\/www.dermarevolta.com\/uk\/wp-json\/wp\/v2\/comments?post=12431"}],"version-history":[{"count":6,"href":"https:\/\/www.dermarevolta.com\/uk\/wp-json\/wp\/v2\/pages\/12431\/revisions"}],"predecessor-version":[{"id":13375,"href":"https:\/\/www.dermarevolta.com\/uk\/wp-json\/wp\/v2\/pages\/12431\/revisions\/13375"}],"wp:attachment":[{"href":"https:\/\/www.dermarevolta.com\/uk\/wp-json\/wp\/v2\/media?parent=12431"}],"curies":[{"name":"wp","href":"https:\/\/api.w.org\/{rel}","templated":true}]}}